{"id":1027,"date":"2022-04-18T11:39:34","date_gmt":"2022-04-18T11:39:34","guid":{"rendered":"https:\/\/gigargios-history.com\/?page_id=1027"},"modified":"2022-04-18T11:39:36","modified_gmt":"2022-04-18T11:39:36","slug":"de-nationaler-matchmaker-fur-einzelklick","status":"publish","type":"page","link":"https:\/\/gigargios-history.com\/fr\/de-nationaler-matchmaker-fur-einzelklick\/","title":{"rendered":"Nationaler Matchmaker f\u00fcr Einzelklick"},"content":{"rendered":"<p class=\"has-text-color\" style=\"color:#941c1c\"><img data-recalc-dims=\"1\" loading=\"lazy\" decoding=\"async\" width=\"250\" height=\"126\" class=\"wp-image-777\" style=\"width: 250px;\" src=\"https:\/\/i0.wp.com\/gigargios-history.com\/wp-content\/uploads\/2022\/02\/Broken-Heart-25.jpg?resize=250%2C126&#038;ssl=1\" alt=\"\" srcset=\"https:\/\/i0.wp.com\/gigargios-history.com\/wp-content\/uploads\/2022\/02\/Broken-Heart-25.jpg?w=1141&amp;ssl=1 1141w, https:\/\/i0.wp.com\/gigargios-history.com\/wp-content\/uploads\/2022\/02\/Broken-Heart-25.jpg?resize=300%2C151&amp;ssl=1 300w, https:\/\/i0.wp.com\/gigargios-history.com\/wp-content\/uploads\/2022\/02\/Broken-Heart-25.jpg?resize=1024%2C515&amp;ssl=1 1024w, https:\/\/i0.wp.com\/gigargios-history.com\/wp-content\/uploads\/2022\/02\/Broken-Heart-25.jpg?resize=768%2C386&amp;ssl=1 768w, https:\/\/i0.wp.com\/gigargios-history.com\/wp-content\/uploads\/2022\/02\/Broken-Heart-25.jpg?resize=18%2C9&amp;ssl=1 18w, https:\/\/i0.wp.com\/gigargios-history.com\/wp-content\/uploads\/2022\/02\/Broken-Heart-25.jpg?resize=600%2C302&amp;ssl=1 600w\" sizes=\"auto, (max-width: 250px) 100vw, 250px\" \/>Nationaler Matchmaker f\u00fcr Einzelklick ist mein Vorschlag, eine landesweite Dating-Site zu erstellen, die von der Regierung finanziert wird, um den Aufbau von Beziehungen f\u00fcr Junggesellen und Damen zu verbessern und zu erleichtern. Es ist eine gemeinn\u00fctzige digitale Institution, im Gegensatz zu privaten Dating-Apps. Was sich in der Tat darauf konzentriert, immer mehr Geld zu verdienen, anstatt daf\u00fcr zu sorgen, dass sich passende Leute finden. Tats\u00e4chlich basieren diese Apps auf der Naivit\u00e4t der Leute, die sie bezahlen. Und alles deutet darauf hin, dass sie nicht wollen, dass die Leute passende \u00dcbereinstimmungen treffen, da sie den Benutzer so lange wie m\u00f6glich f\u00fcr Geld behalten wollen. Aus diesem Grund sind Abonnements f\u00fcr viele Monate proportional g\u00fcnstiger als f\u00fcr einen Monat. Wer normal braucht, bleibt sechs Monate bei Dating-Apps. Score-Frauen und ihnen ist dieses Angebot gewidmet. Daher weist es auch darauf hin, dass kommerzielle Dating-Apps schlechte Verhaltensweisen und Trends f\u00f6rdern. Die Verbindungskultur wird von Sozialexperten sehr bemerkenswert. Und viele von ihnen weisen darauf hin, dass beliebte Dating-Apps zu ihrer Kultivierung beigetragen haben.<\/p>\n\n\n\n<p class=\"has-text-color\" style=\"color:#8a1e1e\">Auf jeden Fall gibt es keinen Zweifel, dass private Eheseiten eher Schaden als Nutzen bringen. Und die gemeinn\u00fctzigen nationalen Dating-Apps sind die beste und sichere Alternative f\u00fcr diejenigen, die einen ernsthaften Partner und Liebe suchen. Da die nationale Dating-App auf pers\u00f6nlichen Charakterdetails basiert, um die Chance auf eine erfolgreiche \u00dcbereinstimmung zu erh\u00f6hen. Dar\u00fcber hinaus sammelt die App Meinungen von Benutzern, die sich mit einer Person verabredet haben, die \u00fcber diese App gefunden wurde. Und wenn sich diese Person schlecht benommen oder betrogen hat, kann das Opfer dies mitteilen, was zu einer vor\u00fcbergehenden Suspendierung oder dauerhaften Disqualifikation f\u00fchrt. Die privaten und sensiblen Daten werden von der Regierung gesammelt, nicht von privaten Gesch\u00e4ftsleuten. Und die Plattform wird von Regierungsangestellten verwaltet, nein von befristet besch\u00e4ftigten Konzernmitarbeitern. All dies gew\u00e4hrleistet die Sicherheit bei der Verwendung und Effizienz.<\/p>\n\n\n\n<p class=\"has-text-align-right has-text-color\" style=\"color:#292a7d\">Marcin Franczak<\/p>","protected":false},"excerpt":{"rendered":"<p>Nationaler Matchmaker f\u00fcr Einzelklick ist mein Vorschlag, eine landesweite Dating-Site zu erstellen, die von der Regierung finanziert wird, um den Aufbau von Beziehungen f\u00fcr Junggesellen und Damen zu verbessern und zu erleichtern. Es ist eine gemeinn\u00fctzige digitale Institution, im Gegensatz zu privaten Dating-Apps. Was sich in der Tat darauf konzentriert, [&hellip;]<\/p>\n","protected":false},"author":1,"featured_media":776,"parent":0,"menu_order":0,"comment_status":"closed","ping_status":"closed","template":"","meta":{"om_disable_all_campaigns":false,"footnotes":""},"class_list":["post-1027","page","type-page","status-publish","has-post-thumbnail","hentry"],"jetpack_sharing_enabled":true,"_links":{"self":[{"href":"https:\/\/gigargios-history.com\/fr\/wp-json\/wp\/v2\/pages\/1027","targetHints":{"allow":["GET"]}}],"collection":[{"href":"https:\/\/gigargios-history.com\/fr\/wp-json\/wp\/v2\/pages"}],"about":[{"href":"https:\/\/gigargios-history.com\/fr\/wp-json\/wp\/v2\/types\/page"}],"author":[{"embeddable":true,"href":"https:\/\/gigargios-history.com\/fr\/wp-json\/wp\/v2\/users\/1"}],"replies":[{"embeddable":true,"href":"https:\/\/gigargios-history.com\/fr\/wp-json\/wp\/v2\/comments?post=1027"}],"version-history":[{"count":1,"href":"https:\/\/gigargios-history.com\/fr\/wp-json\/wp\/v2\/pages\/1027\/revisions"}],"predecessor-version":[{"id":1029,"href":"https:\/\/gigargios-history.com\/fr\/wp-json\/wp\/v2\/pages\/1027\/revisions\/1029"}],"wp:featuredmedia":[{"embeddable":true,"href":"https:\/\/gigargios-history.com\/fr\/wp-json\/wp\/v2\/media\/776"}],"wp:attachment":[{"href":"https:\/\/gigargios-history.com\/fr\/wp-json\/wp\/v2\/media?parent=1027"}],"curies":[{"name":"wp","href":"https:\/\/api.w.org\/{rel}","templated":true}]}}