{"id":1025,"date":"2022-04-18T11:33:00","date_gmt":"2022-04-18T11:33:00","guid":{"rendered":"https:\/\/gigargios-history.com\/?page_id=1025"},"modified":"2022-07-28T02:35:58","modified_gmt":"2022-07-28T02:35:58","slug":"de-marcin-gedanken","status":"publish","type":"page","link":"https:\/\/gigargios-history.com\/fr\/de-marcin-gedanken\/","title":{"rendered":"Marcin Gedanken"},"content":{"rendered":"<p class=\"has-text-color\" style=\"color:#039f3f\">Marcin hat viele Interessen in verschiedenen Themen. Abgesehen von Gigargios Roman nimmt er die Herausforderungen der modernen Welt ernst. Schrumpfende Ressourcen, Klimawandel, wachsende Bev\u00f6lkerung, zunehmende Armut. Das und mehr beunruhigen ihn. Er ist eine Art Idealist. Ein Mann, der in seinem Umfeld etwas ver\u00e4ndern m\u00f6chte. So wie die meisten jungen Menschen einen Impuls daf\u00fcr haben. Wird er sie angesichts der brutalen Realit\u00e4t verlieren?, wird er sie f\u00fcr die Zukunft kultivieren ?. Diese Zeit wird angezeigt.<\/p>\n\n\n\n<p class=\"has-text-color\" style=\"color:#29939f\">Wie auch immer, hier drin k\u00f6nnten Sie seine Arbeiten sehen, Analysen \u00fcber aktuelle Probleme, von denen Marcin denkt, dass sie die L\u00f6sungen kennen<\/p>\n\n\n\n<p class=\"has-text-color\" style=\"color:#45738a\">Und hier einige davon<\/p>\n\n\n\n<p class=\"has-text-color has-medium-font-size\" style=\"color:#567e56\"><strong><a href=\"https:\/\/gigargios-history.com\/fr\/de-nationaler-matchmaker-fur-einzelklick\/\" data-type=\"URL\" data-id=\"https:\/\/gigargios-history.com\/de-nationaler-matchmaker-fur-einzelklick\/\">Nationaler Matchmaker f\u00fcr Einzelklick<\/a><\/strong><\/p>\n\n\n\n<p class=\"has-text-color has-medium-font-size\" style=\"color:#355c3a\"><strong><a href=\"https:\/\/gigargios-history.com\/fr\/de-elektrizitat-des-zukunftigen\/\" data-type=\"URL\" data-id=\"https:\/\/gigargios-history.com\/de-elektrizitat-des-zukunftigen\/\">Elektrizit\u00e4t des zuk\u00fcnftigen Klicks<\/a><\/strong><\/p>\n\n\n\n<p class=\"has-text-color has-medium-font-size\" style=\"color:#1e4a29\"><strong><a href=\"https:\/\/gigargios-history.com\/fr\/de-wachsende-bevolkerung\/\" data-type=\"URL\" data-id=\"https:\/\/gigargios-history.com\/de-wachsende-bevolkerung\/\">Wachsende Bev\u00f6lkerung klick<\/a><\/strong><\/p>\n\n\n\n<p class=\"has-text-color has-medium-font-size\" style=\"color:#3d6c35\"><strong><a href=\"https:\/\/gigargios-history.com\/fr\/de-erwachsene-film-und-feminismus\/\" data-type=\"URL\" data-id=\"https:\/\/gigargios-history.com\/de-erwachsene-film-und-feminismus\/\">Feminismus auf Niedergang Feuilletonklick<\/a><\/strong><\/p>\n\n\n\n<p class=\"has-text-color\" style=\"color:#658269;font-size:22px\"><strong><a href=\"https:\/\/gigargios-history.com\/fr\/gleich-behandeln\/\" data-type=\"URL\" data-id=\"https:\/\/gigargios-history.com\/gleich-behandeln\/\">Gleich behandeln<\/a><\/strong> <strong><a href=\"https:\/\/gigargios-history.com\/fr\/gleich-behandeln\/\" data-type=\"URL\" data-id=\"https:\/\/gigargios-history.com\/gleich-behandeln\/\">klick<\/a><\/strong><\/p>\n\n\n\n<p class=\"has-text-color\" style=\"color:#92a987;font-size:22px\"><strong><a href=\"https:\/\/gigargios-history.com\/fr\/klon-seelenverwandte\/\" data-type=\"URL\" data-id=\"https:\/\/gigargios-history.com\/klon-seelenverwandte\/\">Klon Seelenverwandte<\/a><\/strong> <strong><a href=\"https:\/\/gigargios-history.com\/fr\/klon-seelenverwandte\/\" data-type=\"URL\" data-id=\"https:\/\/gigargios-history.com\/klon-seelenverwandte\/\">klick<\/a><\/strong><\/p>\n\n\n\n<p><\/p>\n\n\n\n<p class=\"has-text-color\" style=\"color:#458a1d;font-size:26px\"><strong><a href=\"https:\/\/gigargios-history.com\/fr\/femitarismus-in-voller-sicht\/\" data-type=\"URL\" data-id=\"https:\/\/gigargios-history.com\/femitarismus-in-voller-sicht\/\" target=\"_blank\" rel=\"noreferrer noopener\">femitarismus in voller sich<\/a><\/strong><\/p>\n\n\n\n<p><\/p>\n\n\n\n<p class=\"has-text-color\" style=\"color:#2f562f;font-size:22px\"><strong><a href=\"https:\/\/gigargios-history.com\/fr\/de-mehr-direkte-these\/\" data-type=\"URL\" data-id=\"https:\/\/gigargios-history.com\/de-mehr-direkte-these\/\">NOCH MEHR DIREKTE THESE FINDEN SIE HIER KLICK<\/a><\/strong><\/p>\n\n\n\n<p><\/p>","protected":false},"excerpt":{"rendered":"<p>Marcin hat viele Interessen in verschiedenen Themen. Abgesehen von Gigargios Roman nimmt er die Herausforderungen der modernen Welt ernst. Schrumpfende Ressourcen, Klimawandel, wachsende Bev\u00f6lkerung, zunehmende Armut. Das und mehr beunruhigen ihn. Er ist eine Art Idealist. Ein Mann, der in seinem Umfeld etwas ver\u00e4ndern m\u00f6chte. So wie die meisten jungen [&hellip;]<\/p>\n","protected":false},"author":1,"featured_media":556,"parent":0,"menu_order":0,"comment_status":"closed","ping_status":"closed","template":"","meta":{"om_disable_all_campaigns":false,"footnotes":""},"class_list":["post-1025","page","type-page","status-publish","has-post-thumbnail","hentry"],"jetpack_sharing_enabled":true,"_links":{"self":[{"href":"https:\/\/gigargios-history.com\/fr\/wp-json\/wp\/v2\/pages\/1025","targetHints":{"allow":["GET"]}}],"collection":[{"href":"https:\/\/gigargios-history.com\/fr\/wp-json\/wp\/v2\/pages"}],"about":[{"href":"https:\/\/gigargios-history.com\/fr\/wp-json\/wp\/v2\/types\/page"}],"author":[{"embeddable":true,"href":"https:\/\/gigargios-history.com\/fr\/wp-json\/wp\/v2\/users\/1"}],"replies":[{"embeddable":true,"href":"https:\/\/gigargios-history.com\/fr\/wp-json\/wp\/v2\/comments?post=1025"}],"version-history":[{"count":5,"href":"https:\/\/gigargios-history.com\/fr\/wp-json\/wp\/v2\/pages\/1025\/revisions"}],"predecessor-version":[{"id":1346,"href":"https:\/\/gigargios-history.com\/fr\/wp-json\/wp\/v2\/pages\/1025\/revisions\/1346"}],"wp:featuredmedia":[{"embeddable":true,"href":"https:\/\/gigargios-history.com\/fr\/wp-json\/wp\/v2\/media\/556"}],"wp:attachment":[{"href":"https:\/\/gigargios-history.com\/fr\/wp-json\/wp\/v2\/media?parent=1025"}],"curies":[{"name":"wp","href":"https:\/\/api.w.org\/{rel}","templated":true}]}}