{"id":1017,"date":"2022-04-18T11:23:14","date_gmt":"2022-04-18T11:23:14","guid":{"rendered":"https:\/\/gigargios-history.com\/?page_id=1017"},"modified":"2022-04-18T13:34:58","modified_gmt":"2022-04-18T13:34:58","slug":"marcin-der-autor","status":"publish","type":"page","link":"https:\/\/gigargios-history.com\/fr\/de-kompendium-uber\/marcin-der-autor\/","title":{"rendered":"Marcin der autor"},"content":{"rendered":"<section class=\"wp-block-themeisle-blocks-advanced-columns alignfull has-1-columns has-desktop-equal-layout has-tablet-equal-layout has-mobile-equal-layout has-nogap-gap has-vertical-flex-start\" id=\"wp-block-themeisle-blocks-advanced-columns-e4373a2b\"><div class=\"wp-block-themeisle-blocks-advanced-columns-overlay\"><\/div><div class=\"innerblocks-wrap\">\n<div class=\"wp-block-themeisle-blocks-advanced-column\" id=\"wp-block-themeisle-blocks-advanced-column-0b9db5af\">\n<section class=\"wp-block-themeisle-blocks-advanced-columns has-2-columns has-desktop-equal-layout has-tablet-equal-layout has-mobile-collapsedRows-layout has-nogap-gap has-vertical-flex-start\" id=\"wp-block-themeisle-blocks-advanced-columns-62d68e08\"><div class=\"wp-block-themeisle-blocks-advanced-columns-overlay\"><\/div><div class=\"innerblocks-wrap\">\n<div class=\"wp-block-themeisle-blocks-advanced-column\" id=\"wp-block-themeisle-blocks-advanced-column-ba020b38\">\n<h2 class=\"has-text-align-left wp-block-heading\">Marcin..,<\/h2>\n\n\n\n<p class=\"has-text-align-left has-text-color\" style=\"color:#1b1063\"><img data-recalc-dims=\"1\" loading=\"lazy\" decoding=\"async\" width=\"150\" height=\"227\" class=\"wp-image-1019\" style=\"width: 150px;\" src=\"https:\/\/i0.wp.com\/gigargios-history.com\/wp-content\/uploads\/2022\/04\/Marcin-Franczak-in-a-Dark-0122-%E2%80%94-kopia-scaled.jpg?resize=150%2C227&#038;ssl=1\" alt=\"\" srcset=\"https:\/\/i0.wp.com\/gigargios-history.com\/wp-content\/uploads\/2022\/04\/Marcin-Franczak-in-a-Dark-0122-%E2%80%94-kopia-scaled.jpg?w=1694&amp;ssl=1 1694w, https:\/\/i0.wp.com\/gigargios-history.com\/wp-content\/uploads\/2022\/04\/Marcin-Franczak-in-a-Dark-0122-%E2%80%94-kopia-scaled.jpg?resize=198%2C300&amp;ssl=1 198w, https:\/\/i0.wp.com\/gigargios-history.com\/wp-content\/uploads\/2022\/04\/Marcin-Franczak-in-a-Dark-0122-%E2%80%94-kopia-scaled.jpg?resize=677%2C1024&amp;ssl=1 677w, https:\/\/i0.wp.com\/gigargios-history.com\/wp-content\/uploads\/2022\/04\/Marcin-Franczak-in-a-Dark-0122-%E2%80%94-kopia-scaled.jpg?resize=768%2C1161&amp;ssl=1 768w, https:\/\/i0.wp.com\/gigargios-history.com\/wp-content\/uploads\/2022\/04\/Marcin-Franczak-in-a-Dark-0122-%E2%80%94-kopia-scaled.jpg?resize=1016%2C1536&amp;ssl=1 1016w, https:\/\/i0.wp.com\/gigargios-history.com\/wp-content\/uploads\/2022\/04\/Marcin-Franczak-in-a-Dark-0122-%E2%80%94-kopia-scaled.jpg?w=1500&amp;ssl=1 1500w\" sizes=\"auto, (max-width: 150px) 100vw, 150px\" \/><strong>eine Autorenreihe von \u201eGigargios-Geschichte<\/strong>\u201c-Buch, ist nicht nur ein fantastischer Autor, sondern auch ein Denker, Analytiker, Vision\u00e4r und Aktivist. Abgesehen von seinem Leben interessieren ihn viele Dinge, die sich auf die Realit\u00e4t beziehen, in der er lebt. Die Herausforderungen, denen die Welt gegen\u00fcbersteht, nimmt er ernst. Trotzdem ist er pers\u00f6nlich ein ruhiger und symphatischer Gentleman, mit dem man \u00fcber alles reden kann \ud83d\ude42<\/p>\n<\/div>\n\n\n\n<div class=\"wp-block-themeisle-blocks-advanced-column\" id=\"wp-block-themeisle-blocks-advanced-column-6c94b24d\"><\/div>\n<\/div><\/section>\n\n\n\n<section class=\"wp-block-themeisle-blocks-advanced-columns has-3-columns has-desktop-equal-layout has-tablet-equal-layout has-mobile-collapsedRows-layout has-nogap-gap has-vertical-flex-start\" id=\"wp-block-themeisle-blocks-advanced-columns-6fc7adce\"><div class=\"wp-block-themeisle-blocks-advanced-columns-overlay\"><\/div><div class=\"innerblocks-wrap\">\n<div class=\"wp-block-themeisle-blocks-advanced-column\" id=\"wp-block-themeisle-blocks-advanced-column-25e97a9a\">\n<div class=\"wp-block-image is-style-rounded\"><figure class=\"aligncenter size-full is-resized\"><a href=\"https:\/\/gigargios-history.com\/fr\/de-die-marcin-biographie\/\"><img data-recalc-dims=\"1\" loading=\"lazy\" decoding=\"async\" src=\"https:\/\/i0.wp.com\/gigargios-history.com\/wp-content\/uploads\/2022\/04\/Marcin-at-studio-cinematic-%E2%80%94-kopia.jpg?resize=146%2C161&#038;ssl=1\" alt=\"\" class=\"wp-image-1021\" width=\"146\" height=\"161\" srcset=\"https:\/\/i0.wp.com\/gigargios-history.com\/wp-content\/uploads\/2022\/04\/Marcin-at-studio-cinematic-%E2%80%94-kopia.jpg?w=892&amp;ssl=1 892w, https:\/\/i0.wp.com\/gigargios-history.com\/wp-content\/uploads\/2022\/04\/Marcin-at-studio-cinematic-%E2%80%94-kopia.jpg?resize=271%2C300&amp;ssl=1 271w, https:\/\/i0.wp.com\/gigargios-history.com\/wp-content\/uploads\/2022\/04\/Marcin-at-studio-cinematic-%E2%80%94-kopia.jpg?resize=768%2C851&amp;ssl=1 768w, https:\/\/i0.wp.com\/gigargios-history.com\/wp-content\/uploads\/2022\/04\/Marcin-at-studio-cinematic-%E2%80%94-kopia.jpg?resize=11%2C12&amp;ssl=1 11w, https:\/\/i0.wp.com\/gigargios-history.com\/wp-content\/uploads\/2022\/04\/Marcin-at-studio-cinematic-%E2%80%94-kopia.jpg?resize=600%2C665&amp;ssl=1 600w\" sizes=\"auto, (max-width: 146px) 100vw, 146px\" \/><\/a><\/figure><\/div>\n\n\n\n<h3 class=\"has-text-align-left wp-block-heading\">Marcin Biographie<\/h3>\n\n\n\n<p class=\"has-text-align-left\" style=\"font-size:17px\"><a href=\"https:\/\/gigargios-history.com\/fr\/de-die-marcin-biographie\/\" data-type=\"URL\" data-id=\"https:\/\/gigargios-history.com\/de-die-marcin-biographie\/\">Marcin hatte eine schwierige Kindheit. Dies ersch\u00fctterte sein junges Leben und verursachte seine Schwierigkeiten bei der sozialen Eingew\u00f6hnung. Trotzdem erwarb er zus\u00e4tzliche F\u00e4higkeiten..<\/a><\/p>\n\n\n\n<div class=\"wp-block-buttons is-layout-flex wp-block-buttons-is-layout-flex\">\n<div class=\"wp-block-button is-style-primary\"><a class=\"wp-block-button__link\" href=\"https:\/\/gigargios-history.com\/fr\/de-die-marcin-biographie\/\">Learn Mehr<\/a><\/div>\n<\/div>\n<\/div>\n\n\n\n<div class=\"wp-block-themeisle-blocks-advanced-column\" id=\"wp-block-themeisle-blocks-advanced-column-b5b3ad1c\">\n<div class=\"wp-block-image\"><figure class=\"aligncenter size-full is-resized\"><a href=\"https:\/\/gigargios-history.com\/fr\/de-marcin-gedanken\/\"><img data-recalc-dims=\"1\" loading=\"lazy\" decoding=\"async\" src=\"https:\/\/i0.wp.com\/gigargios-history.com\/wp-content\/uploads\/2022\/04\/Powerwind-%E2%80%94-kopia.jpg?resize=174%2C160&#038;ssl=1\" alt=\"\" class=\"wp-image-1018\" width=\"174\" height=\"160\" srcset=\"https:\/\/i0.wp.com\/gigargios-history.com\/wp-content\/uploads\/2022\/04\/Powerwind-%E2%80%94-kopia.jpg?resize=13%2C12&amp;ssl=1 13w, https:\/\/i0.wp.com\/gigargios-history.com\/wp-content\/uploads\/2022\/04\/Powerwind-%E2%80%94-kopia.jpg?zoom=2&amp;resize=174%2C160&amp;ssl=1 348w\" sizes=\"auto, (max-width: 174px) 100vw, 174px\" \/><\/a><\/figure><\/div>\n\n\n\n<h3 class=\"has-text-align-left wp-block-heading\">Marcin Gedanke<\/h3>\n\n\n\n<p class=\"has-text-align-left\"><a href=\"https:\/\/gigargios-history.com\/fr\/de-marcin-gedanken\/\" data-type=\"URL\" data-id=\"https:\/\/gigargios-history.com\/de-marcin-gedanken\/\">Im folgenden Abschnitt sind seine pers\u00f6nlichen Gedanken zu verschiedenen Themen der Welt sowie des Lebens verf\u00fcgbar, mit denen er sich besch\u00e4ftigt. Die L\u00f6sungen zu aktuellen Krisen sowie innovative Ideen in<\/a><\/p>\n\n\n\n<div class=\"wp-block-buttons is-layout-flex wp-block-buttons-is-layout-flex\">\n<div class=\"wp-block-button is-style-primary\"><a class=\"wp-block-button__link\" href=\"https:\/\/gigargios-history.com\/fr\/de-marcin-gedanken\/\">Learn Mehr<\/a><\/div>\n<\/div>\n<\/div>\n\n\n\n<div class=\"wp-block-themeisle-blocks-advanced-column\" id=\"wp-block-themeisle-blocks-advanced-column-6be03cf4\">\n<div class=\"wp-block-image is-style-rounded\"><figure class=\"aligncenter size-large is-resized\"><a href=\"https:\/\/gigargios-history.com\/fr\/de-marcin-zitate-und-sprichworter\/\"><img data-recalc-dims=\"1\" loading=\"lazy\" decoding=\"async\" src=\"https:\/\/i0.wp.com\/gigargios-history.com\/wp-content\/uploads\/2022\/01\/Quotes-Proverbs.jpg?resize=206%2C148&#038;ssl=1\" alt=\"\" class=\"wp-image-695\" width=\"206\" height=\"148\" srcset=\"https:\/\/i0.wp.com\/gigargios-history.com\/wp-content\/uploads\/2022\/01\/Quotes-Proverbs.jpg?resize=1024%2C739&amp;ssl=1 1024w, https:\/\/i0.wp.com\/gigargios-history.com\/wp-content\/uploads\/2022\/01\/Quotes-Proverbs.jpg?resize=300%2C216&amp;ssl=1 300w, https:\/\/i0.wp.com\/gigargios-history.com\/wp-content\/uploads\/2022\/01\/Quotes-Proverbs.jpg?resize=768%2C554&amp;ssl=1 768w, https:\/\/i0.wp.com\/gigargios-history.com\/wp-content\/uploads\/2022\/01\/Quotes-Proverbs.jpg?resize=18%2C12&amp;ssl=1 18w, https:\/\/i0.wp.com\/gigargios-history.com\/wp-content\/uploads\/2022\/01\/Quotes-Proverbs.jpg?resize=600%2C433&amp;ssl=1 600w, https:\/\/i0.wp.com\/gigargios-history.com\/wp-content\/uploads\/2022\/01\/Quotes-Proverbs.jpg?w=1091&amp;ssl=1 1091w\" sizes=\"auto, (max-width: 206px) 100vw, 206px\" \/><\/a><\/figure><\/div>\n\n\n\n<h3 class=\"has-text-align-left wp-block-heading\">Marcin Zitate und Sprichw\u00f6rter<\/h3>\n\n\n\n<p class=\"has-text-align-left\"><a href=\"https:\/\/gigargios-history.com\/fr\/de-marcin-zitate-und-sprichworter\/\">Marcin hat viele Zitate und Sprichw\u00f6rter, basierend auf seiner Wahrnehmung und<\/a> <a href=\"https:\/\/gigargios-history.com\/fr\/de-marcin-zitate-und-sprichworter\/\">gut durchdachten Realit\u00e4t. Einige von ihnen sind mit einer alten bekannten Volksweisheit konvergiert. Einige .. herausgefunden<\/a><\/p>\n\n\n\n<div class=\"wp-block-buttons is-layout-flex wp-block-buttons-is-layout-flex\">\n<div class=\"wp-block-button is-style-primary\"><a class=\"wp-block-button__link\" href=\"https:\/\/gigargios-history.com\/fr\/de-marcin-zitate-und-sprichworter\/\">Learn Mehr<\/a><\/div>\n<\/div>\n<\/div>\n<\/div><\/section>\n<\/div>\n<\/div><\/section>","protected":false},"excerpt":{"rendered":"","protected":false},"author":1,"featured_media":1019,"parent":938,"menu_order":0,"comment_status":"closed","ping_status":"closed","template":"","meta":{"om_disable_all_campaigns":false,"footnotes":""},"class_list":["post-1017","page","type-page","status-publish","has-post-thumbnail","hentry"],"jetpack_sharing_enabled":true,"_links":{"self":[{"href":"https:\/\/gigargios-history.com\/fr\/wp-json\/wp\/v2\/pages\/1017","targetHints":{"allow":["GET"]}}],"collection":[{"href":"https:\/\/gigargios-history.com\/fr\/wp-json\/wp\/v2\/pages"}],"about":[{"href":"https:\/\/gigargios-history.com\/fr\/wp-json\/wp\/v2\/types\/page"}],"author":[{"embeddable":true,"href":"https:\/\/gigargios-history.com\/fr\/wp-json\/wp\/v2\/users\/1"}],"replies":[{"embeddable":true,"href":"https:\/\/gigargios-history.com\/fr\/wp-json\/wp\/v2\/comments?post=1017"}],"version-history":[{"count":5,"href":"https:\/\/gigargios-history.com\/fr\/wp-json\/wp\/v2\/pages\/1017\/revisions"}],"predecessor-version":[{"id":1057,"href":"https:\/\/gigargios-history.com\/fr\/wp-json\/wp\/v2\/pages\/1017\/revisions\/1057"}],"up":[{"embeddable":true,"href":"https:\/\/gigargios-history.com\/fr\/wp-json\/wp\/v2\/pages\/938"}],"wp:featuredmedia":[{"embeddable":true,"href":"https:\/\/gigargios-history.com\/fr\/wp-json\/wp\/v2\/media\/1019"}],"wp:attachment":[{"href":"https:\/\/gigargios-history.com\/fr\/wp-json\/wp\/v2\/media?parent=1017"}],"curies":[{"name":"wp","href":"https:\/\/api.w.org\/{rel}","templated":true}]}}